{"id":459,"date":"2024-05-18T13:43:58","date_gmt":"2024-05-18T13:43:58","guid":{"rendered":"https:\/\/cs-diving.com\/?page_id=459"},"modified":"2025-02-26T15:46:14","modified_gmt":"2025-02-26T15:46:14","slug":"tauchen-mit-trockentauchanzug","status":"publish","type":"page","link":"https:\/\/cs-diving.com\/?page_id=459","title":{"rendered":"Tauchen mit Trockentauchanzug"},"content":{"rendered":"\t\t<div data-elementor-type=\"wp-page\" data-elementor-id=\"459\" class=\"elementor elementor-459\">\n\t\t\t\t<div class=\"elementor-element elementor-element-41229b8 e-flex e-con-boxed e-con e-parent\" data-id=\"41229b8\" data-element_type=\"container\" data-e-type=\"container\">\n\t\t\t\t\t<div class=\"e-con-inner\">\n\t\t\t\t<div class=\"elementor-element elementor-element-4a9e2f7 elementor-widget elementor-widget-text-editor\" data-id=\"4a9e2f7\" data-element_type=\"widget\" data-e-type=\"widget\" data-widget_type=\"text-editor.default\">\n\t\t\t\t<div class=\"elementor-widget-container\">\n\t\t\t\t\t\t\t\t\t<div class=\"relative flex flex-col gap-1 md:gap-3 lg:w-[calc(100%-115px)]\"><div id=\"copy_181\" class=\"markdown prose w-full break-words dark:prose-invert dark system_write\"><p>M\u00f6chtest du nicht mehr frieren beim Tauchen? M\u00f6chtest du warm, trocken und entspannt aus dem Wasser steigen und dabei zusehen, wie andere sich aus ihren kalten, nassen Anz\u00fcgen sch\u00e4len? In diesem Kurs lernst du den richtigen Umgang mit Trockentauchanz\u00fcgen unter und \u00fcber Wasser. Das Tauchen mit einem Trockentauchanzug erfordert eine andere Technik als das Tauchen mit einem Nassanzug und muss ge\u00fcbt werden. Viele Taucher bevorzugen sogar bei warmen Wassertemperaturen den Trockentauchanzug gegen\u00fcber dem Nassanzug aufgrund einer besseren Wasserlage, h\u00f6herer Beweglichkeit und eines redundanten Tarierensystems.<\/p><p>Voraussetzungen:<\/p><p>Mindestalter: 12 Jahre.<br \/>RAID Open Water 20 oder \u00e4quivalent.<br \/>Schriftliche Erlaubnis eines Erziehungsberechtigten bei Minderj\u00e4hrigen.<br \/>Abgeschlossener Registrierungsprozess inkl. des obligatorischen Papierkrams.<\/p><p>Melde dich noch heute auf der <a href=\"https:\/\/members.diveraid.mobi\/Home\/RegisterUser\">RAID Webseite<\/a> an und starte dein neues Abenteuer.<\/p><\/div><\/div>\t\t\t\t\t\t\t\t<\/div>\n\t\t\t\t<\/div>\n\t\t\t\t\t<\/div>\n\t\t\t\t<\/div>\n\t\t<div class=\"elementor-element elementor-element-c184cb6 e-flex e-con-boxed e-con e-parent\" data-id=\"c184cb6\" data-element_type=\"container\" data-e-type=\"container\">\n\t\t\t\t\t<div class=\"e-con-inner\">\n\t\t\t\t<div class=\"elementor-element elementor-element-2ae8ad1 elementor-widget elementor-widget-image\" data-id=\"2ae8ad1\" data-element_type=\"widget\" data-e-type=\"widget\" data-widget_type=\"image.default\">\n\t\t\t\t<div class=\"elementor-widget-container\">\n\t\t\t\t\t\t\t\t\t\t\t\t\t\t\t<img fetchpriority=\"high\" decoding=\"async\" width=\"950\" height=\"634\" src=\"https:\/\/cs-diving.com\/wp-content\/uploads\/2024\/05\/12-1024x683.jpg\" class=\"attachment-large size-large wp-image-153\" alt=\"\" srcset=\"https:\/\/cs-diving.com\/wp-content\/uploads\/2024\/05\/12-1024x683.jpg 1024w, https:\/\/cs-diving.com\/wp-content\/uploads\/2024\/05\/12-300x200.jpg 300w, https:\/\/cs-diving.com\/wp-content\/uploads\/2024\/05\/12-1536x1024.jpg 1536w, https:\/\/cs-diving.com\/wp-content\/uploads\/2024\/05\/12.jpg 1968w\" sizes=\"100vw\" \/>\t\t\t\t\t\t\t\t\t\t\t\t\t\t\t<\/div>\n\t\t\t\t<\/div>\n\t\t\t\t\t<\/div>\n\t\t\t\t<\/div>\n\t\t\t\t<\/div>\n\t\t","protected":false},"excerpt":{"rendered":"<p>M\u00f6chtest du nicht mehr frieren beim Tauchen? M\u00f6chtest du warm, trocken und entspannt aus dem Wasser steigen und dabei zusehen, wie andere sich aus ihren kalten, nassen Anz\u00fcgen sch\u00e4len? In diesem Kurs lernst du den richtigen Umgang mit Trockentauchanz\u00fcgen unter und \u00fcber Wasser. Das Tauchen mit einem Trockentauchanzug erfordert eine andere Technik als das Tauchen &hellip; <\/p>\n<p class=\"link-more\"><a href=\"https:\/\/cs-diving.com\/?page_id=459\" class=\"more-link\">Mehr <span class=\"screen-reader-text\">\u00fcber &#8222;Tauchen mit Trockentauchanzug&#8220; <\/span>Lesen<\/a><\/p>\n","protected":false},"author":1,"featured_media":14,"parent":0,"menu_order":0,"comment_status":"closed","ping_status":"closed","template":"","meta":{"footnotes":""},"class_list":["post-459","page","type-page","status-publish","has-post-thumbnail","hentry"],"_links":{"self":[{"href":"https:\/\/cs-diving.com\/index.php?rest_route=\/wp\/v2\/pages\/459","targetHints":{"allow":["GET"]}}],"collection":[{"href":"https:\/\/cs-diving.com\/index.php?rest_route=\/wp\/v2\/pages"}],"about":[{"href":"https:\/\/cs-diving.com\/index.php?rest_route=\/wp\/v2\/types\/page"}],"author":[{"embeddable":true,"href":"https:\/\/cs-diving.com\/index.php?rest_route=\/wp\/v2\/users\/1"}],"replies":[{"embeddable":true,"href":"https:\/\/cs-diving.com\/index.php?rest_route=%2Fwp%2Fv2%2Fcomments&post=459"}],"version-history":[{"count":13,"href":"https:\/\/cs-diving.com\/index.php?rest_route=\/wp\/v2\/pages\/459\/revisions"}],"predecessor-version":[{"id":662,"href":"https:\/\/cs-diving.com\/index.php?rest_route=\/wp\/v2\/pages\/459\/revisions\/662"}],"wp:featuredmedia":[{"embeddable":true,"href":"https:\/\/cs-diving.com\/index.php?rest_route=\/wp\/v2\/media\/14"}],"wp:attachment":[{"href":"https:\/\/cs-diving.com\/index.php?rest_route=%2Fwp%2Fv2%2Fmedia&parent=459"}],"curies":[{"name":"wp","href":"https:\/\/api.w.org\/{rel}","templated":true}]}}