{"id":449,"date":"2024-05-18T13:24:57","date_gmt":"2024-05-18T13:24:57","guid":{"rendered":"https:\/\/cs-diving.com\/?page_id=449"},"modified":"2025-02-26T16:13:46","modified_gmt":"2025-02-26T16:13:46","slug":"raid-explorer-30","status":"publish","type":"page","link":"https:\/\/cs-diving.com\/?page_id=449","title":{"rendered":"RAID Explorer 30"},"content":{"rendered":"\t\t<div data-elementor-type=\"wp-page\" data-elementor-id=\"449\" class=\"elementor elementor-449\">\n\t\t\t\t<div class=\"elementor-element elementor-element-d81cde4 e-con-full e-flex e-con e-parent\" data-id=\"d81cde4\" data-element_type=\"container\" data-e-type=\"container\">\n\t\t\t\t<div class=\"elementor-element elementor-element-1d3e2d7 elementor-widget elementor-widget-text-editor\" data-id=\"1d3e2d7\" data-element_type=\"widget\" data-e-type=\"widget\" data-widget_type=\"text-editor.default\">\n\t\t\t\t<div class=\"elementor-widget-container\">\n\t\t\t\t\t\t\t\t\t<p>Der RAID Explorer 30 Diver Kurs ist einer der beliebtesten Erweiterungskurse. Er umfasst 5 Freiwassertauchg\u00e4nge. Bei der Auswahl der Freiwassertauchg\u00e4nge gelten folgende Vorgaben: Ein Tieftauchgang bis maximal 30 Meter ist Pflicht, ebenso wie ein Navigationstauchgang und Tarierung in Perfektion. Du kannst zus\u00e4tzlich 2 weitere Tauchg\u00e4nge aus den angebotenen Specialty-Kursen w\u00e4hlen, die dich interessieren und einen Einblick in den jeweiligen Kurs erhalten. Jeder dieser Tauchg\u00e4nge kann auf die entsprechenden Specialty-Kurse angerechnet werden, wenn sie innerhalb von 6 Monaten nach dem Tauchgang fortgesetzt werden.<\/p><p>\u00a0<\/p><p>\u00a0<\/p><p>Beispiele f\u00fcr m\u00f6gliche Tauchg\u00e4nge sind: Navigationstauchen, Tieftauchen, Sidemount-Tauchen, NITROX-Tauchen und Unterwasserfotografie. Voraussetzungen sind ein (Junior) Open Water Diver Brevet oder eine \u00e4hnliche Qualifikation. Das Mindestalter betr\u00e4gt 12 Jahre f\u00fcr Tauchg\u00e4nge bis maximal 21 Meter Tiefe und 15 Jahre f\u00fcr Tauchg\u00e4nge bis maximal 30 Meter Tiefe.<\/p>\t\t\t\t\t\t\t\t<\/div>\n\t\t\t\t<\/div>\n\t\t\t\t<\/div>\n\t\t<div class=\"elementor-element elementor-element-dc96d53 e-flex e-con-boxed e-con e-parent\" data-id=\"dc96d53\" data-element_type=\"container\" data-e-type=\"container\">\n\t\t\t\t\t<div class=\"e-con-inner\">\n\t\t\t\t<div class=\"elementor-element elementor-element-21847d0 elementor-widget elementor-widget-image\" data-id=\"21847d0\" data-element_type=\"widget\" data-e-type=\"widget\" data-widget_type=\"image.default\">\n\t\t\t\t<div class=\"elementor-widget-container\">\n\t\t\t\t\t\t\t\t\t\t\t\t\t\t\t<img fetchpriority=\"high\" decoding=\"async\" width=\"950\" height=\"475\" src=\"https:\/\/cs-diving.com\/wp-content\/uploads\/2025\/02\/Screenshot-2025-02-26-.png\" class=\"attachment-large size-large wp-image-652\" alt=\"\" srcset=\"https:\/\/cs-diving.com\/wp-content\/uploads\/2025\/02\/Screenshot-2025-02-26-.png 970w, https:\/\/cs-diving.com\/wp-content\/uploads\/2025\/02\/Screenshot-2025-02-26--300x150.png 300w\" sizes=\"100vw\" \/>\t\t\t\t\t\t\t\t\t\t\t\t\t\t\t<\/div>\n\t\t\t\t<\/div>\n\t\t\t\t\t<\/div>\n\t\t\t\t<\/div>\n\t\t\t\t<\/div>\n\t\t","protected":false},"excerpt":{"rendered":"<p>Der RAID Explorer 30 Diver Kurs ist einer der beliebtesten Erweiterungskurse. Er umfasst 5 Freiwassertauchg\u00e4nge. Bei der Auswahl der Freiwassertauchg\u00e4nge gelten folgende Vorgaben: Ein Tieftauchgang bis maximal 30 Meter ist Pflicht, ebenso wie ein Navigationstauchgang und Tarierung in Perfektion. Du kannst zus\u00e4tzlich 2 weitere Tauchg\u00e4nge aus den angebotenen Specialty-Kursen w\u00e4hlen, die dich interessieren und einen &hellip; <\/p>\n<p class=\"link-more\"><a href=\"https:\/\/cs-diving.com\/?page_id=449\" class=\"more-link\">Mehr <span class=\"screen-reader-text\">\u00fcber &#8222;RAID Explorer 30&#8220; <\/span>Lesen<\/a><\/p>\n","protected":false},"author":1,"featured_media":9,"parent":0,"menu_order":0,"comment_status":"closed","ping_status":"closed","template":"","meta":{"footnotes":""},"class_list":["post-449","page","type-page","status-publish","has-post-thumbnail","hentry"],"_links":{"self":[{"href":"https:\/\/cs-diving.com\/index.php?rest_route=\/wp\/v2\/pages\/449","targetHints":{"allow":["GET"]}}],"collection":[{"href":"https:\/\/cs-diving.com\/index.php?rest_route=\/wp\/v2\/pages"}],"about":[{"href":"https:\/\/cs-diving.com\/index.php?rest_route=\/wp\/v2\/types\/page"}],"author":[{"embeddable":true,"href":"https:\/\/cs-diving.com\/index.php?rest_route=\/wp\/v2\/users\/1"}],"replies":[{"embeddable":true,"href":"https:\/\/cs-diving.com\/index.php?rest_route=%2Fwp%2Fv2%2Fcomments&post=449"}],"version-history":[{"count":36,"href":"https:\/\/cs-diving.com\/index.php?rest_route=\/wp\/v2\/pages\/449\/revisions"}],"predecessor-version":[{"id":683,"href":"https:\/\/cs-diving.com\/index.php?rest_route=\/wp\/v2\/pages\/449\/revisions\/683"}],"wp:featuredmedia":[{"embeddable":true,"href":"https:\/\/cs-diving.com\/index.php?rest_route=\/wp\/v2\/media\/9"}],"wp:attachment":[{"href":"https:\/\/cs-diving.com\/index.php?rest_route=%2Fwp%2Fv2%2Fmedia&parent=449"}],"curies":[{"name":"wp","href":"https:\/\/api.w.org\/{rel}","templated":true}]}}