{"id":348,"date":"2024-05-05T18:21:41","date_gmt":"2024-05-05T18:21:41","guid":{"rendered":"https:\/\/cs-diving.com\/?page_id=348"},"modified":"2025-02-26T15:54:56","modified_gmt":"2025-02-26T15:54:56","slug":"tauchen-in-leipzig-und-umgebung","status":"publish","type":"page","link":"https:\/\/cs-diving.com\/?page_id=348","title":{"rendered":"Tauchen in Leipzig und Umgebung"},"content":{"rendered":"\t\t<div data-elementor-type=\"wp-page\" data-elementor-id=\"348\" class=\"elementor elementor-348\">\n\t\t\t\t<div class=\"elementor-element elementor-element-4767411 e-flex e-con-boxed e-con e-parent\" data-id=\"4767411\" data-element_type=\"container\" data-e-type=\"container\">\n\t\t\t\t\t<div class=\"e-con-inner\">\n\t\t\t\t<div class=\"elementor-element elementor-element-9e67b2d elementor-widget elementor-widget-text-editor\" data-id=\"9e67b2d\" data-element_type=\"widget\" data-e-type=\"widget\" data-widget_type=\"text-editor.default\">\n\t\t\t\t<div class=\"elementor-widget-container\">\n\t\t\t\t\t\t\t\t\t<p>Egal ob Schladitzer- , Cospudener-, Hainer-, Zwenkauer, Markkleeberger- oder Kulkwitzer See\u00a0 &#8211; das Leipziger Neuseenland hat so einiges zu bieten. Die perfekte Voraussetzung f\u00fcr deinen Tauchausflug!<br \/>Hier ist f\u00fcr jeden Tauchbegeisterten etwas dabei &#8211; lass dich \u00fcberraschen!<\/p><p>Um an Tauchkursen im Leipziger Neuseenland teilnehmen zu d\u00fcrfen, musst du mindestens 12 Jahre alt sein. Melde Dich noch heute bei uns um Dein neues Abenteuer zu starten. <\/p>\t\t\t\t\t\t\t\t<\/div>\n\t\t\t\t<\/div>\n\t\t\t\t\t<\/div>\n\t\t\t\t<\/div>\n\t\t\t\t<\/div>\n\t\t","protected":false},"excerpt":{"rendered":"<p>Egal ob Schladitzer- , Cospudener-, Hainer-, Zwenkauer, Markkleeberger- oder Kulkwitzer See\u00a0 &#8211; das Leipziger Neuseenland hat so einiges zu bieten. Die perfekte Voraussetzung f\u00fcr deinen Tauchausflug! Hier ist f\u00fcr jeden Tauchbegeisterten etwas dabei &#8211; lass dich \u00fcberraschen! Um an Tauchkursen im Leipziger Neuseenland teilnehmen zu d\u00fcrfen, musst du mindestens 12 Jahre alt sein. Melde Dich &hellip; <\/p>\n<p class=\"link-more\"><a href=\"https:\/\/cs-diving.com\/?page_id=348\" class=\"more-link\">Mehr <span class=\"screen-reader-text\">\u00fcber &#8222;Tauchen in Leipzig und Umgebung&#8220; <\/span>Lesen<\/a><\/p>\n","protected":false},"author":1,"featured_media":513,"parent":0,"menu_order":0,"comment_status":"closed","ping_status":"closed","template":"","meta":{"footnotes":""},"class_list":["post-348","page","type-page","status-publish","has-post-thumbnail","hentry"],"_links":{"self":[{"href":"https:\/\/cs-diving.com\/index.php?rest_route=\/wp\/v2\/pages\/348","targetHints":{"allow":["GET"]}}],"collection":[{"href":"https:\/\/cs-diving.com\/index.php?rest_route=\/wp\/v2\/pages"}],"about":[{"href":"https:\/\/cs-diving.com\/index.php?rest_route=\/wp\/v2\/types\/page"}],"author":[{"embeddable":true,"href":"https:\/\/cs-diving.com\/index.php?rest_route=\/wp\/v2\/users\/1"}],"replies":[{"embeddable":true,"href":"https:\/\/cs-diving.com\/index.php?rest_route=%2Fwp%2Fv2%2Fcomments&post=348"}],"version-history":[{"count":18,"href":"https:\/\/cs-diving.com\/index.php?rest_route=\/wp\/v2\/pages\/348\/revisions"}],"predecessor-version":[{"id":670,"href":"https:\/\/cs-diving.com\/index.php?rest_route=\/wp\/v2\/pages\/348\/revisions\/670"}],"wp:featuredmedia":[{"embeddable":true,"href":"https:\/\/cs-diving.com\/index.php?rest_route=\/wp\/v2\/media\/513"}],"wp:attachment":[{"href":"https:\/\/cs-diving.com\/index.php?rest_route=%2Fwp%2Fv2%2Fmedia&parent=348"}],"curies":[{"name":"wp","href":"https:\/\/api.w.org\/{rel}","templated":true}]}}