{"id":240,"date":"2024-05-05T14:31:30","date_gmt":"2024-05-05T14:31:30","guid":{"rendered":"https:\/\/cs-diving.com\/?page_id=240"},"modified":"2024-10-24T18:57:20","modified_gmt":"2024-10-24T18:57:20","slug":"scuba-diver","status":"publish","type":"page","link":"https:\/\/cs-diving.com\/?page_id=240","title":{"rendered":"Tauchen auf Phuket"},"content":{"rendered":"\t\t<div data-elementor-type=\"wp-page\" data-elementor-id=\"240\" class=\"elementor elementor-240\">\n\t\t\t\t<div class=\"elementor-element elementor-element-72ee183 e-flex e-con-boxed e-con e-parent\" data-id=\"72ee183\" data-element_type=\"container\" data-e-type=\"container\">\n\t\t\t\t\t<div class=\"e-con-inner\">\n\t\t\t\t<div class=\"elementor-element elementor-element-ebb258f elementor-widget elementor-widget-heading\" data-id=\"ebb258f\" data-element_type=\"widget\" data-e-type=\"widget\" data-widget_type=\"heading.default\">\n\t\t\t\t<div class=\"elementor-widget-container\">\n\t\t\t\t\t<h2 class=\"elementor-heading-title elementor-size-default\">Von Oktober bis M\u00e4rz dem deutschen Wetter entfliehen...<\/h2>\t\t\t\t<\/div>\n\t\t\t\t<\/div>\n\t\t\t\t<div class=\"elementor-element elementor-element-a5d627e elementor-widget elementor-widget-text-editor\" data-id=\"a5d627e\" data-element_type=\"widget\" data-e-type=\"widget\" data-widget_type=\"text-editor.default\">\n\t\t\t\t<div class=\"elementor-widget-container\">\n\t\t\t\t\t\t\t\t\t<p>Erlebe faszinierende Tauchg\u00e4nge an Inseln und Riffen um Phuket. Hier gibt es f\u00fcr erfahrene Taucher und Beginner viele lohnende Tauchziele. Die Tauchspots bieten viel Abwechslung. Atemberaubende Steilw\u00e4nde mit \u00dcberh\u00e4ngen und H\u00f6hlen wechseln mit sanft abfallenden Korallenh\u00e4ngen \u00fcber Riffe die sich kegelf\u00f6rmig vom Meeresboden bis zur Oberfl\u00e4che erstrecken. Um Deine Sicherheit sorgt sich die erfahrene Crew von Poseidon Diving. Das ist die freundlichste Tauchbasis auf Phuket. Der Transport zu den Tauchpl\u00e4tzen erfolgt mit unserem ger\u00e4umigen Tauchschiff. Tauchen in Phuket mit Poseidon hei\u00dft erlebnisreiche Tauchg\u00e4nge in entspannter Atmosph\u00e4re. Im Kreise Gleichgesinnter.<\/p>\t\t\t\t\t\t\t\t<\/div>\n\t\t\t\t<\/div>\n\t\t\t\t\t<\/div>\n\t\t\t\t<\/div>\n\t\t<div class=\"elementor-element elementor-element-75f3101 e-con-full e-flex e-con e-parent\" data-id=\"75f3101\" data-element_type=\"container\" data-e-type=\"container\">\n\t\t\t\t<div class=\"elementor-element elementor-element-6ccf864 elementor-widget elementor-widget-heading\" data-id=\"6ccf864\" data-element_type=\"widget\" data-e-type=\"widget\" data-widget_type=\"heading.default\">\n\t\t\t\t<div class=\"elementor-widget-container\">\n\t\t\t\t\t<h2 class=\"elementor-heading-title elementor-size-default\">\nTauchfahrten auf Phuket \u2013 Thailand\n<\/h2>\t\t\t\t<\/div>\n\t\t\t\t<\/div>\n\t\t<div class=\"elementor-element elementor-element-d5aeba1 e-grid e-con-full e-con e-child\" data-id=\"d5aeba1\" data-element_type=\"container\" data-e-type=\"container\">\n\t\t\t\t<div class=\"elementor-element elementor-element-07daf2b elementor-widget elementor-widget-text-editor\" data-id=\"07daf2b\" data-element_type=\"widget\" data-e-type=\"widget\" data-widget_type=\"text-editor.default\">\n\t\t\t\t<div class=\"elementor-widget-container\">\n\t\t\t\t\t\t\t\t\t<div class=\"et_pb_column et_pb_column_1_2 et_pb_column_2  et_pb_css_mix_blend_mode_passthrough\"><div class=\"et_pb_module et_pb_text et_pb_text_1  et_pb_text_align_left et_pb_bg_layout_light\"><div class=\"et_pb_text_inner\"><ul><li>Individuelles Tauchen in ruhiger, entspannter Atmosph\u00e4re<\/li><li>Professionelle Betreuung, freundliches und hilfsbereites Personal<\/li><li>Kein Gruppenzwang, kleine Tauchgruppen, kein Tauchzeit Limit<\/li><li>Viele verschiedene Tauchgr\u00fcnde f\u00fcr alle taucherischen Anspr\u00fcche<\/li><li>Moderne Leihausr\u00fcstung, Nitrox, UW-Kameras<\/li><li>T\u00e4gliche Tauchfahrten in Phuket zu Inseln und Riffen um Phuket<\/li><li>Zwei- und dreit\u00e4gige Tauchsafaris nach PhiPhi, Koh Hah, Hin Daeng<\/li><li>Drei- und viert\u00e4gige Tauchsafaris nach Similan, Koh Bon, Richelieu Rock<\/li><\/ul><\/div><\/div><\/div>\t\t\t\t\t\t\t\t<\/div>\n\t\t\t\t<\/div>\n\t\t\t\t<div class=\"elementor-element elementor-element-2435359 elementor-widget elementor-widget-text-editor\" data-id=\"2435359\" data-element_type=\"widget\" data-e-type=\"widget\" data-widget_type=\"text-editor.default\">\n\t\t\t\t<div class=\"elementor-widget-container\">\n\t\t\t\t\t\t\t\t\t<div class=\"et_pb_column et_pb_column_1_2 et_pb_column_3  et_pb_css_mix_blend_mode_passthrough et-last-child\"><div class=\"et_pb_module et_pb_text et_pb_text_2  et_pb_text_align_left et_pb_bg_layout_light\"><div class=\"et_pb_text_inner\"><ul><li>Tauchkurse f\u00fcr Beginner, erfahrene Taucher und Spezialkurse, Schnuppertauchen<\/li><li>Nachttauchg\u00e4nge, Wracktauchen, H\u00f6hlentauchen<\/li><li>Komplette Tauchurlaube einschlie\u00dflich Fl\u00fcgen, Unterkunft, Tauchpaket<\/li><li>Zimmervermittlung in allen Komfortklassen, Flughafentransfers<\/li><li>Landausfl\u00fcge in Phuket und ganz S\u00fcdthailand<\/li><li>Und nicht zu vergessen unsere besonders sch\u00f6nen Tauchreisen nach Indonesien Alle Tauchfahrten in Phuket, Tauchkurse und Tauchsafaris stehen unter Leitung erfahrener europ\u00e4ischer Tauchlehrer und einheimischer Tauchguides<\/li><\/ul><\/div><\/div><\/div>\t\t\t\t\t\t\t\t<\/div>\n\t\t\t\t<\/div>\n\t\t\t\t<div class=\"elementor-element elementor-element-fd09aed elementor-widget elementor-widget-image\" data-id=\"fd09aed\" data-element_type=\"widget\" data-e-type=\"widget\" data-widget_type=\"image.default\">\n\t\t\t\t<div class=\"elementor-widget-container\">\n\t\t\t\t\t\t\t\t\t\t\t\t\t\t\t<img fetchpriority=\"high\" decoding=\"async\" width=\"361\" height=\"449\" src=\"https:\/\/cs-diving.com\/wp-content\/uploads\/2024\/05\/Screenshot-2024-05-18-132703.png\" class=\"attachment-large size-large wp-image-420\" alt=\"\" srcset=\"https:\/\/cs-diving.com\/wp-content\/uploads\/2024\/05\/Screenshot-2024-05-18-132703.png 361w, https:\/\/cs-diving.com\/wp-content\/uploads\/2024\/05\/Screenshot-2024-05-18-132703-241x300.png 241w\" sizes=\"100vw\" \/>\t\t\t\t\t\t\t\t\t\t\t\t\t\t\t<\/div>\n\t\t\t\t<\/div>\n\t\t\t\t<\/div>\n\t\t\t\t<\/div>\n\t\t\t\t<\/div>\n\t\t","protected":false},"excerpt":{"rendered":"<p>Von Oktober bis M\u00e4rz dem deutschen Wetter entfliehen&#8230; Erlebe faszinierende Tauchg\u00e4nge an Inseln und Riffen um Phuket. Hier gibt es f\u00fcr erfahrene Taucher und Beginner viele lohnende Tauchziele. Die Tauchspots bieten viel Abwechslung. Atemberaubende Steilw\u00e4nde mit \u00dcberh\u00e4ngen und H\u00f6hlen wechseln mit sanft abfallenden Korallenh\u00e4ngen \u00fcber Riffe die sich kegelf\u00f6rmig vom Meeresboden bis zur Oberfl\u00e4che erstrecken. &hellip; <\/p>\n<p class=\"link-more\"><a href=\"https:\/\/cs-diving.com\/?page_id=240\" class=\"more-link\">Mehr <span class=\"screen-reader-text\">\u00fcber &#8222;Tauchen auf Phuket&#8220; <\/span>Lesen<\/a><\/p>\n","protected":false},"author":1,"featured_media":349,"parent":0,"menu_order":0,"comment_status":"closed","ping_status":"closed","template":"","meta":{"footnotes":""},"class_list":["post-240","page","type-page","status-publish","has-post-thumbnail","hentry"],"_links":{"self":[{"href":"https:\/\/cs-diving.com\/index.php?rest_route=\/wp\/v2\/pages\/240","targetHints":{"allow":["GET"]}}],"collection":[{"href":"https:\/\/cs-diving.com\/index.php?rest_route=\/wp\/v2\/pages"}],"about":[{"href":"https:\/\/cs-diving.com\/index.php?rest_route=\/wp\/v2\/types\/page"}],"author":[{"embeddable":true,"href":"https:\/\/cs-diving.com\/index.php?rest_route=\/wp\/v2\/users\/1"}],"replies":[{"embeddable":true,"href":"https:\/\/cs-diving.com\/index.php?rest_route=%2Fwp%2Fv2%2Fcomments&post=240"}],"version-history":[{"count":39,"href":"https:\/\/cs-diving.com\/index.php?rest_route=\/wp\/v2\/pages\/240\/revisions"}],"predecessor-version":[{"id":567,"href":"https:\/\/cs-diving.com\/index.php?rest_route=\/wp\/v2\/pages\/240\/revisions\/567"}],"wp:featuredmedia":[{"embeddable":true,"href":"https:\/\/cs-diving.com\/index.php?rest_route=\/wp\/v2\/media\/349"}],"wp:attachment":[{"href":"https:\/\/cs-diving.com\/index.php?rest_route=%2Fwp%2Fv2%2Fmedia&parent=240"}],"curies":[{"name":"wp","href":"https:\/\/api.w.org\/{rel}","templated":true}]}}